{"id":1504,"date":"2017-12-23T19:36:35","date_gmt":"2017-12-23T16:36:35","guid":{"rendered":"https:\/\/www.naringoyapim.com\/mutlu-karadogan\/"},"modified":"2024-10-07T17:28:03","modified_gmt":"2024-10-07T14:28:03","slug":"mutlu-karadogan","status":"publish","type":"page","link":"https:\/\/www.naringoyapim.com\/es\/mutlu-karadogan\/","title":{"rendered":"Mutlu Karado\u011fan"},"content":{"rendered":"<p>[vc_row][vc_column width=\u00bb1\/3&#8243;][vc_single_image image=\u00bb792&#8243; img_size=\u00bbfull\u00bb alignment=\u00bbcenter\u00bb style=\u00bbvc_box_border_circle\u00bb image_hovers=\u00bbfalse\u00bb][\/vc_column][vc_column width=\u00bb2\/3&#8243;]<div id=\"ultimate-heading-666369e9d5197c9bb\" class=\"uvc-heading ult-adjust-bottom-margin ultimate-heading-666369e9d5197c9bb uvc-708 \" data-hspacer=\"line_only\"  data-halign=\"left\" style=\"text-align:left\"><div class=\"uvc-main-heading ult-responsive\"  data-ultimate-target='.uvc-heading.ultimate-heading-666369e9d5197c9bb h2'  data-responsive-json-new='{\"font-size\":\"\",\"line-height\":\"\"}' ><h2 style=\"font-weight:normal;margin-top:12px;\">Mutlu Karado\u011fan<\/h2><\/div><div class=\"uvc-heading-spacer line_only\" style=\"margin-top:10px;margin-bottom:10px;height:1px;\"><span class=\"uvc-headings-line\" style=\"border-style:solid;border-bottom-width:1px;border-color:#0c0c0c;width:50px;\"><\/span><\/div><div class=\"uvc-sub-heading ult-responsive\"  data-ultimate-target='.uvc-heading.ultimate-heading-666369e9d5197c9bb .uvc-sub-heading '  data-responsive-json-new='{\"font-size\":\"\",\"line-height\":\"\"}'  style=\"font-weight:normal;color:#f3615a;margin-bottom:30px;\">Y\u00f6netmen<\/div><\/div>[vc_column_text]Mutlu Karado\u011fan naci\u00f3 en Ankara en 1981. Se gradu\u00f3 en la Facultad de Comunicaci\u00f3n, Departamento de Radio, Televisi\u00f3n y Cine de la Universidad de Ankara. Trabaj\u00f3 en varios cortometrajes y documentales a lo largo de su formaci\u00f3n. El documental \u00abGevok\u00bb, que dirigi\u00f3 y produjo junto a Meri\u00e7 Ozan, recibi\u00f3 diversos premios nacionales y extranjeros. Despu\u00e9s de graduarse, vivi\u00f3 un tiempo en Londres y asisti\u00f3 a varios talleres sobre direcci\u00f3n, producci\u00f3n cinematogr\u00e1fica y gesti\u00f3n de actuaci\u00f3n. Dirigi\u00f3 13 episodios de la serie de televisi\u00f3n \u00abG\u00f6lgedekiler\u00bb, la pel\u00edcula \u00abSar\u0131kam\u0131\u015f \u00c7ocuklar\u0131\u00bb, as\u00ed como numerosos anuncios publicitarios.[\/vc_column_text][\/vc_column][\/vc_row][vc_row css=\u00bb.vc_custom_1514051883927{margin-top: 32px !important;}\u00bb][vc_column]<div class=\"dt-shortcode with-isotope\"><div class=\"wf-container dt-portfolio-shortcode jgrid-shortcode loading-effect-none iso-grid jg-container description-on-hover hover-style-two hover-fade content-align-centre\" data-padding=\"10px\" data-cur-page=\"1\" data-posts-per-page=\"-1\" data-target-height=\"350px\">\n<div class=\"wf-cell\" data-post-id=\"1574\" data-date=\"2017-12-22T16:05:14+03:00\" data-name=\"Antalya Migros Centro Comercial - Pel\u00edcula de Presentaci\u00f3n\">\n<article class=\"post post-1574 dt_portfolio type-dt_portfolio status-publish has-post-thumbnail hentry dt_portfolio_category-mutlu-karadogan-es dt_portfolio_category-naringo-yapim-es dt_portfolio_category-92 dt_portfolio_category-93 text-centered\">\n\n\t<figure class=\"rollover-project rollover-active\">\n\t<a href=\"https:\/\/www.naringoyapim.com\/es\/project\/antalya-migros-tanitim-filmi\/\" class=\"layzr-bg\" title=\"Antalya Migros centro Comercial\"  aria-label=\"Post image\"><img loading=\"lazy\" decoding=\"async\" class=\"preload-me jgrid-lazy-load\" src=\"data:image\/svg+xml,%3Csvg%20xmlns%3D&#39;http%3A%2F%2Fwww.w3.org%2F2000%2Fsvg&#39;%20viewBox%3D&#39;0%200%20808%20455&#39;%2F%3E\" data-src=\"https:\/\/www.naringoyapim.com\/wp-content\/uploads\/2017\/12\/antalya-migros-tanitim-filmi-808x455.jpg\" data-srcset=\"https:\/\/www.naringoyapim.com\/wp-content\/uploads\/2017\/12\/antalya-migros-tanitim-filmi-808x455.jpg 808w, https:\/\/www.naringoyapim.com\/wp-content\/uploads\/2017\/12\/antalya-migros-tanitim-filmi-1616x910.jpg 1616w\" alt=\"Antalya Migros centro Comercial\" width=\"808\" height=\"455\"  \/><\/a>\t\t<figcaption class=\"rollover-content\">\n\t\t<div class=\"links-container\"><a href=\"https:\/\/vimeo.com\/72589627\" class=\"project-zoom dt-pswp-item dt-single-pswp-popup pswp-video\" title=\"Antalya Migros centro Comercial\" data-dt-img-description=\"Pel\u00edcula promocional realizada para Antalya Migros.\" aria-label=\"Portfolio zoom icon\">Lupa<\/a><\/div>\t\t\t\t<div class=\"rollover-content-container\">\n\t\t\t<h3 class=\"entry-title\"><a href=\"https:\/\/www.naringoyapim.com\/es\/project\/antalya-migros-tanitim-filmi\/\" title=\"Antalya Migros Centro Comercial &#8211; Pel\u00edcula de Presentaci\u00f3n\" rel=\"bookmark\">Antalya Migros Centro Comercial &#8211; Pel\u00edcula de Presentaci\u00f3n<\/a><\/h3>\t\t<\/div>\n\t\t\t\t\t<\/figcaption>\n\t<\/figure>\n<\/article>\n\n<\/div>\n<div class=\"wf-cell\" data-post-id=\"1580\" data-date=\"2017-10-30T13:48:26+03:00\" data-name=\"Historia de Ellos - Rep\u00fablica de Turqu\u00eda Ministerio de Desarrollo, Anuncio P\u00fablico\">\n<article class=\"post post-1580 dt_portfolio type-dt_portfolio status-publish has-post-thumbnail hentry dt_portfolio_category-mutlu-karadogan-es dt_portfolio_category-naringo-yapim-es dt_portfolio_category-92 dt_portfolio_category-93 text-centered\">\n\n\t<figure class=\"rollover-project rollover-active\">\n\t<a href=\"https:\/\/www.naringoyapim.com\/es\/project\/kamu-spotu-onlarin-hikayesi\/\" class=\"layzr-bg\" title=\"Su Historia\"  aria-label=\"Post image\"><img loading=\"lazy\" decoding=\"async\" class=\"preload-me jgrid-lazy-load\" src=\"data:image\/svg+xml,%3Csvg%20xmlns%3D&#39;http%3A%2F%2Fwww.w3.org%2F2000%2Fsvg&#39;%20viewBox%3D&#39;0%200%20808%20455&#39;%2F%3E\" data-src=\"https:\/\/www.naringoyapim.com\/wp-content\/uploads\/2017\/12\/onlarin_hikayesi-808x455.jpg\" data-srcset=\"https:\/\/www.naringoyapim.com\/wp-content\/uploads\/2017\/12\/onlarin_hikayesi-808x455.jpg 808w, https:\/\/www.naringoyapim.com\/wp-content\/uploads\/2017\/12\/onlarin_hikayesi.jpg 957w\" alt=\"Su Historia\" width=\"808\" height=\"455\"  \/><\/a>\t\t<figcaption class=\"rollover-content\">\n\t\t<div class=\"links-container\"><a href=\"https:\/\/vimeo.com\/80100628\" class=\"project-zoom dt-pswp-item dt-single-pswp-popup pswp-video\" title=\"Su Historia\" data-dt-img-description=\"Es un anuncio de servicio p\u00fablico realizado por el Ministerio de Desarrollo de la Rep\u00fablica de Turqu\u00eda para el empleo privado de ni\u00f1os con s\u00edndrome de Down.\" aria-label=\"Portfolio zoom icon\">Lupa<\/a><\/div>\t\t\t\t<div class=\"rollover-content-container\">\n\t\t\t<h3 class=\"entry-title\"><a href=\"https:\/\/www.naringoyapim.com\/es\/project\/kamu-spotu-onlarin-hikayesi\/\" title=\"Historia de Ellos &#8211; Rep\u00fablica de Turqu\u00eda Ministerio de Desarrollo, Anuncio P\u00fablico\" rel=\"bookmark\">Historia de Ellos &#8211; Rep\u00fablica de Turqu\u00eda Ministerio de Desarrollo, Anuncio P\u00fablico<\/a><\/h3>\t\t<\/div>\n\t\t\t\t\t<\/figcaption>\n\t<\/figure>\n<\/article>\n\n<\/div>\n<div class=\"wf-cell\" data-post-id=\"1588\" data-date=\"2017-10-30T11:25:31+03:00\" data-name=\"Terra City Centro Comercial - Pel\u00edcula Promocional\">\n<article class=\"post post-1588 dt_portfolio type-dt_portfolio status-publish has-post-thumbnail hentry dt_portfolio_category-mutlu-karadogan-es dt_portfolio_category-naringo-yapim-es dt_portfolio_category-92 dt_portfolio_category-93 text-centered\">\n\n\t<figure class=\"rollover-project rollover-active\">\n\t<a href=\"https:\/\/www.naringoyapim.com\/es\/project\/terra-city-antalya\/\" class=\"layzr-bg\" title=\"terra-city-antalya\"  aria-label=\"Post image\"><img loading=\"lazy\" decoding=\"async\" class=\"preload-me jgrid-lazy-load\" src=\"data:image\/svg+xml,%3Csvg%20xmlns%3D&#39;http%3A%2F%2Fwww.w3.org%2F2000%2Fsvg&#39;%20viewBox%3D&#39;0%200%20808%20455&#39;%2F%3E\" data-src=\"https:\/\/www.naringoyapim.com\/wp-content\/uploads\/2017\/10\/terra-city-antalya-808x455.jpg\" data-srcset=\"https:\/\/www.naringoyapim.com\/wp-content\/uploads\/2017\/10\/terra-city-antalya-808x455.jpg 808w, https:\/\/www.naringoyapim.com\/wp-content\/uploads\/2017\/10\/terra-city-antalya-1616x910.jpg 1616w\" alt=\"\" width=\"808\" height=\"455\"  \/><\/a>\t\t<figcaption class=\"rollover-content\">\n\t\t<div class=\"links-container\"><a href=\"https:\/\/vimeo.com\/70621308\" class=\"project-zoom dt-pswp-item dt-single-pswp-popup pswp-video\" title=\"terra-city-antalya\" data-dt-img-description=\"\" aria-label=\"Portfolio zoom icon\">Lupa<\/a><\/div>\t\t\t\t<div class=\"rollover-content-container\">\n\t\t\t<h3 class=\"entry-title\"><a href=\"https:\/\/www.naringoyapim.com\/es\/project\/terra-city-antalya\/\" title=\"Terra City Centro Comercial &#8211; Pel\u00edcula Promocional\" rel=\"bookmark\">Terra City Centro Comercial &#8211; Pel\u00edcula Promocional<\/a><\/h3>\t\t<\/div>\n\t\t\t\t\t<\/figcaption>\n\t<\/figure>\n<\/article>\n\n<\/div>\n<div class=\"wf-cell\" data-post-id=\"1590\" data-date=\"2017-10-30T11:07:08+03:00\" data-name=\"Collage turco\">\n<article class=\"post post-1590 dt_portfolio type-dt_portfolio status-publish has-post-thumbnail hentry dt_portfolio_category-mutlu-karadogan-es dt_portfolio_category-92 text-centered\">\n\n\t<figure class=\"rollover-project rollover-active\">\n\t<a href=\"https:\/\/www.naringoyapim.com\/es\/project\/turkiye-kolaj\/\" class=\"layzr-bg\" title=\"turkiye-kolaj\"  aria-label=\"Post image\"><img loading=\"lazy\" decoding=\"async\" class=\"preload-me jgrid-lazy-load\" src=\"data:image\/svg+xml,%3Csvg%20xmlns%3D&#39;http%3A%2F%2Fwww.w3.org%2F2000%2Fsvg&#39;%20viewBox%3D&#39;0%200%20808%20455&#39;%2F%3E\" data-src=\"https:\/\/www.naringoyapim.com\/wp-content\/uploads\/2017\/10\/turkiye-kolaj-808x455.jpg\" data-srcset=\"https:\/\/www.naringoyapim.com\/wp-content\/uploads\/2017\/10\/turkiye-kolaj-808x455.jpg 808w, https:\/\/www.naringoyapim.com\/wp-content\/uploads\/2017\/10\/turkiye-kolaj-898x506.jpg 898w\" alt=\"\" width=\"808\" height=\"455\"  \/><\/a>\t\t<figcaption class=\"rollover-content\">\n\t\t<div class=\"links-container\"><a href=\"https:\/\/vimeo.com\/145538973\" class=\"project-zoom dt-pswp-item dt-single-pswp-popup pswp-video\" title=\"turkiye-kolaj\" data-dt-img-description=\"\" aria-label=\"Portfolio zoom icon\">Lupa<\/a><\/div>\t\t\t\t<div class=\"rollover-content-container\">\n\t\t\t<h3 class=\"entry-title\"><a href=\"https:\/\/www.naringoyapim.com\/es\/project\/turkiye-kolaj\/\" title=\"Collage turco\" rel=\"bookmark\">Collage turco<\/a><\/h3>\t\t<\/div>\n\t\t\t\t\t<\/figcaption>\n\t<\/figure>\n<\/article>\n\n<\/div>\n<div class=\"wf-cell\" data-post-id=\"1593\" data-date=\"2017-10-30T10:13:33+03:00\" data-name=\"Papas\">\n<article class=\"post post-1593 dt_portfolio type-dt_portfolio status-publish has-post-thumbnail hentry dt_portfolio_category-mutlu-karadogan-es dt_portfolio_category-92 text-centered\">\n\n\t<figure class=\"rollover-project rollover-active\">\n\t<a href=\"https:\/\/www.naringoyapim.com\/es\/project\/patates\/\" class=\"layzr-bg\" title=\"patates\"  aria-label=\"Post image\"><img loading=\"lazy\" decoding=\"async\" class=\"preload-me jgrid-lazy-load\" src=\"data:image\/svg+xml,%3Csvg%20xmlns%3D&#39;http%3A%2F%2Fwww.w3.org%2F2000%2Fsvg&#39;%20viewBox%3D&#39;0%200%20808%20455&#39;%2F%3E\" data-src=\"https:\/\/www.naringoyapim.com\/wp-content\/uploads\/2017\/10\/patates-808x455.jpg\" data-srcset=\"https:\/\/www.naringoyapim.com\/wp-content\/uploads\/2017\/10\/patates-808x455.jpg 808w, https:\/\/www.naringoyapim.com\/wp-content\/uploads\/2017\/10\/patates-1616x910.jpg 1616w\" alt=\"\" width=\"808\" height=\"455\"  \/><\/a>\t\t<figcaption class=\"rollover-content\">\n\t\t<div class=\"links-container\"><a href=\"https:\/\/vimeo.com\/61219423\" class=\"project-zoom dt-pswp-item dt-single-pswp-popup pswp-video\" title=\"patates\" data-dt-img-description=\"\" aria-label=\"Portfolio zoom icon\">Lupa<\/a><\/div>\t\t\t\t<div class=\"rollover-content-container\">\n\t\t\t<h3 class=\"entry-title\"><a href=\"https:\/\/www.naringoyapim.com\/es\/project\/patates\/\" title=\"Papas\" rel=\"bookmark\">Papas<\/a><\/h3>\t\t<\/div>\n\t\t\t\t\t<\/figcaption>\n\t<\/figure>\n<\/article>\n\n<\/div>\n<div class=\"wf-cell\" data-post-id=\"1597\" data-date=\"2017-10-30T10:06:23+03:00\" data-name=\"Mi Discapacidad No Es Una Discapacidad \u2013  Rep\u00fablica de Turqu\u00eda Ministerio de Desarrollo, Anuncio P\u00fablico\">\n<article class=\"post post-1597 dt_portfolio type-dt_portfolio status-publish has-post-thumbnail hentry dt_portfolio_category-mutlu-karadogan-es dt_portfolio_category-naringo-yapim-es dt_portfolio_category-92 dt_portfolio_category-93 text-centered\">\n\n\t<figure class=\"rollover-project rollover-active\">\n\t<a href=\"https:\/\/www.naringoyapim.com\/es\/project\/deniz-yildizi-projesi-engelim-engel-degil\/\" class=\"layzr-bg\" title=\"deniz-yildizi\"  aria-label=\"Post image\"><img loading=\"lazy\" decoding=\"async\" class=\"preload-me jgrid-lazy-load\" src=\"data:image\/svg+xml,%3Csvg%20xmlns%3D&#39;http%3A%2F%2Fwww.w3.org%2F2000%2Fsvg&#39;%20viewBox%3D&#39;0%200%20808%20455&#39;%2F%3E\" data-src=\"https:\/\/www.naringoyapim.com\/wp-content\/uploads\/2017\/10\/deniz-yildizi-808x455.jpg\" data-srcset=\"https:\/\/www.naringoyapim.com\/wp-content\/uploads\/2017\/10\/deniz-yildizi-808x455.jpg 808w, https:\/\/www.naringoyapim.com\/wp-content\/uploads\/2017\/10\/deniz-yildizi-1616x910.jpg 1616w\" alt=\"\" width=\"808\" height=\"455\"  \/><\/a>\t\t<figcaption class=\"rollover-content\">\n\t\t<div class=\"links-container\"><a href=\"https:\/\/vimeo.com\/139684149\" class=\"project-zoom dt-pswp-item dt-single-pswp-popup pswp-video\" title=\"deniz-yildizi\" data-dt-img-description=\"\" aria-label=\"Portfolio zoom icon\">Lupa<\/a><\/div>\t\t\t\t<div class=\"rollover-content-container\">\n\t\t\t<h3 class=\"entry-title\"><a href=\"https:\/\/www.naringoyapim.com\/es\/project\/deniz-yildizi-projesi-engelim-engel-degil\/\" title=\"Mi Discapacidad No Es Una Discapacidad \u2013  Rep\u00fablica de Turqu\u00eda Ministerio de Desarrollo, Anuncio P\u00fablico\" rel=\"bookmark\">Mi Discapacidad No Es Una Discapacidad \u2013  Rep\u00fablica de Turqu\u00eda Ministerio de Desarrollo, Anuncio P\u00fablico<\/a><\/h3>\t\t<\/div>\n\t\t\t\t\t<\/figcaption>\n\t<\/figure>\n<\/article>\n\n<\/div>\n<div class=\"wf-cell\" data-post-id=\"1599\" data-date=\"2017-10-30T08:33:19+03:00\" data-name=\"Estoy Listo Para Trabajar - Rep\u00fablica de Turqu\u00eda Ministerio de Desarrollo, Anuncio P\u00fablico\">\n<article class=\"post post-1599 dt_portfolio type-dt_portfolio status-publish has-post-thumbnail hentry dt_portfolio_category-mutlu-karadogan-es dt_portfolio_category-naringo-yapim-es dt_portfolio_category-92 dt_portfolio_category-93 text-centered\">\n\n\t<figure class=\"rollover-project rollover-active\">\n\t<a href=\"https:\/\/www.naringoyapim.com\/es\/project\/deniz-yildizi-projesi-calismaya-hazirim\/\" class=\"layzr-bg\" title=\"calismaya-hazirim\"  aria-label=\"Post image\"><img loading=\"lazy\" decoding=\"async\" class=\"preload-me jgrid-lazy-load\" src=\"data:image\/svg+xml,%3Csvg%20xmlns%3D&#39;http%3A%2F%2Fwww.w3.org%2F2000%2Fsvg&#39;%20viewBox%3D&#39;0%200%20808%20455&#39;%2F%3E\" data-src=\"https:\/\/www.naringoyapim.com\/wp-content\/uploads\/2017\/10\/calismaya-hazirim-808x455.jpg\" data-srcset=\"https:\/\/www.naringoyapim.com\/wp-content\/uploads\/2017\/10\/calismaya-hazirim-808x455.jpg 808w, https:\/\/www.naringoyapim.com\/wp-content\/uploads\/2017\/10\/calismaya-hazirim-1616x910.jpg 1616w\" alt=\"\" width=\"808\" height=\"455\"  \/><\/a>\t\t<figcaption class=\"rollover-content\">\n\t\t<div class=\"links-container\"><a href=\"https:\/\/vimeo.com\/79711383\" class=\"project-zoom dt-pswp-item dt-single-pswp-popup pswp-video\" title=\"calismaya-hazirim\" data-dt-img-description=\"\" aria-label=\"Portfolio zoom icon\">Lupa<\/a><\/div>\t\t\t\t<div class=\"rollover-content-container\">\n\t\t\t<h3 class=\"entry-title\"><a href=\"https:\/\/www.naringoyapim.com\/es\/project\/deniz-yildizi-projesi-calismaya-hazirim\/\" title=\"Estoy Listo Para Trabajar &#8211; Rep\u00fablica de Turqu\u00eda Ministerio de Desarrollo, Anuncio P\u00fablico\" rel=\"bookmark\">Estoy Listo Para Trabajar &#8211; Rep\u00fablica de Turqu\u00eda Ministerio de Desarrollo, Anuncio P\u00fablico<\/a><\/h3>\t\t<\/div>\n\t\t\t\t\t<\/figcaption>\n\t<\/figure>\n<\/article>\n\n<\/div><\/div><\/div>[\/vc_column][\/vc_row]<\/p>\n","protected":false},"excerpt":{"rendered":"<p>[vc_row][vc_column width=\u00bb1\/3&#8243;][vc_single_image image=\u00bb792&#8243; img_size=\u00bbfull\u00bb alignment=\u00bbcenter\u00bb style=\u00bbvc_box_border_circle\u00bb image_hovers=\u00bbfalse\u00bb][\/vc_column][vc_column width=\u00bb2\/3&#8243;][vc_column_text]Mutlu Karado\u011fan naci\u00f3 en Ankara en 1981. Se gradu\u00f3 en la Facultad de Comunicaci\u00f3n, Departamento de Radio, Televisi\u00f3n y Cine de la Universidad de Ankara. Trabaj\u00f3 en varios cortometrajes y documentales a lo largo de su formaci\u00f3n. El documental \u00abGevok\u00bb, que dirigi\u00f3 y produjo junto a Meri\u00e7 Ozan,&hellip;<\/p>\n","protected":false},"author":1,"featured_media":0,"parent":0,"menu_order":0,"comment_status":"closed","ping_status":"closed","template":"","meta":[],"class_list":["post-1504","page","type-page","status-publish","hentry","description-off"],"_links":{"self":[{"href":"https:\/\/www.naringoyapim.com\/es\/wp-json\/wp\/v2\/pages\/1504"}],"collection":[{"href":"https:\/\/www.naringoyapim.com\/es\/wp-json\/wp\/v2\/pages"}],"about":[{"href":"https:\/\/www.naringoyapim.com\/es\/wp-json\/wp\/v2\/types\/page"}],"author":[{"embeddable":true,"href":"https:\/\/www.naringoyapim.com\/es\/wp-json\/wp\/v2\/users\/1"}],"replies":[{"embeddable":true,"href":"https:\/\/www.naringoyapim.com\/es\/wp-json\/wp\/v2\/comments?post=1504"}],"version-history":[{"count":5,"href":"https:\/\/www.naringoyapim.com\/es\/wp-json\/wp\/v2\/pages\/1504\/revisions"}],"predecessor-version":[{"id":1601,"href":"https:\/\/www.naringoyapim.com\/es\/wp-json\/wp\/v2\/pages\/1504\/revisions\/1601"}],"wp:attachment":[{"href":"https:\/\/www.naringoyapim.com\/es\/wp-json\/wp\/v2\/media?parent=1504"}],"curies":[{"name":"wp","href":"https:\/\/api.w.org\/{rel}","templated":true}]}}