{"id":1506,"date":"2017-12-23T20:04:06","date_gmt":"2017-12-23T17:04:06","guid":{"rendered":"https:\/\/www.naringoyapim.com\/nese-ozcan\/"},"modified":"2024-10-07T17:28:15","modified_gmt":"2024-10-07T14:28:15","slug":"nese-ozcan","status":"publish","type":"page","link":"https:\/\/www.naringoyapim.com\/es\/nese-ozcan\/","title":{"rendered":"Ne\u015fe \u00d6zcan"},"content":{"rendered":"<p>[vc_row][vc_column width=\u00bb1\/3&#8243;][vc_single_image image=\u00bb797&#8243; img_size=\u00bbfull\u00bb alignment=\u00bbcenter\u00bb style=\u00bbvc_box_border_circle\u00bb image_hovers=\u00bbfalse\u00bb][\/vc_column][vc_column width=\u00bb2\/3&#8243;]<div id=\"ultimate-heading-310069ea14b69d774\" class=\"uvc-heading ult-adjust-bottom-margin ultimate-heading-310069ea14b69d774 uvc-3561 \" data-hspacer=\"line_only\"  data-halign=\"left\" style=\"text-align:left\"><div class=\"uvc-main-heading ult-responsive\"  data-ultimate-target='.uvc-heading.ultimate-heading-310069ea14b69d774 h2'  data-responsive-json-new='{\"font-size\":\"\",\"line-height\":\"\"}' ><h2 style=\"font-weight:normal;margin-top:12px;\">Ne\u015fe \u00d6zcan<\/h2><\/div><div class=\"uvc-heading-spacer line_only\" style=\"margin-top:10px;margin-bottom:10px;height:1px;\"><span class=\"uvc-headings-line\" style=\"border-style:solid;border-bottom-width:1px;border-color:#0c0c0c;width:50px;\"><\/span><\/div><div class=\"uvc-sub-heading ult-responsive\"  data-ultimate-target='.uvc-heading.ultimate-heading-310069ea14b69d774 .uvc-sub-heading '  data-responsive-json-new='{\"font-size\":\"\",\"line-height\":\"\"}'  style=\"font-weight:normal;color:#f3615a;margin-bottom:30px;\">Y\u00f6netmen<\/div><\/div>[vc_column_text]Ne\u015fe \u00d6zcan naci\u00f3 en 1981 y, tras graduarse en 2001, adquiri\u00f3 experiencia en la industria de la televisi\u00f3n, la radio y la radiodifusi\u00f3n en Ankara. \u00d6zcan, que se instal\u00f3 en Estambul en 2005, trabaj\u00f3 en diversos puestos en programas de televisi\u00f3n, luego trabaj\u00f3 como asistente de direcci\u00f3n en anuncios y ahora es director de cortometrajes y anuncios.[\/vc_column_text][\/vc_column][\/vc_row][vc_row css=\u00bb.vc_custom_1514051883927{margin-top: 32px !important;}\u00bb][vc_column]<div class=\"dt-shortcode with-isotope\"><div class=\"wf-container dt-portfolio-shortcode jgrid-shortcode loading-effect-none iso-grid jg-container description-on-hover hover-style-two hover-fade content-align-centre\" data-padding=\"10px\" data-cur-page=\"1\" data-posts-per-page=\"-1\" data-target-height=\"350px\">\n<div class=\"wf-cell\" data-post-id=\"1566\" data-date=\"2017-12-22T16:14:22+03:00\" data-name=\"Eurasia otomano cicatrices\">\n<article class=\"post post-1566 dt_portfolio type-dt_portfolio status-publish has-post-thumbnail hentry dt_portfolio_category-nese-ozcan-es dt_portfolio_category-94 text-centered\">\n\n\t<figure class=\"rollover-project rollover-active\">\n\t<a href=\"https:\/\/www.naringoyapim.com\/es\/project\/eurasia-otomano-cicatrices\/\" class=\"layzr-bg\" title=\"fu-presents-cooq\"  aria-label=\"Post image\"><img loading=\"lazy\" decoding=\"async\" class=\"preload-me jgrid-lazy-load\" src=\"data:image\/svg+xml,%3Csvg%20xmlns%3D&#39;http%3A%2F%2Fwww.w3.org%2F2000%2Fsvg&#39;%20viewBox%3D&#39;0%200%20808%20455&#39;%2F%3E\" data-src=\"https:\/\/www.naringoyapim.com\/wp-content\/uploads\/2017\/12\/fu-presents-cooq-808x455.jpg\" data-srcset=\"https:\/\/www.naringoyapim.com\/wp-content\/uploads\/2017\/12\/fu-presents-cooq-808x455.jpg 808w, https:\/\/www.naringoyapim.com\/wp-content\/uploads\/2017\/12\/fu-presents-cooq-1616x910.jpg 1616w\" alt=\"\" width=\"808\" height=\"455\"  \/><\/a>\t\t<figcaption class=\"rollover-content\">\n\t\t<div class=\"links-container\"><a href=\"https:\/\/vimeo.com\/139759240\" class=\"project-zoom dt-pswp-item dt-single-pswp-popup pswp-video\" title=\"fu-presents-cooq\" data-dt-img-description=\"\" aria-label=\"Portfolio zoom icon\">Lupa<\/a><\/div>\t\t\t\t<div class=\"rollover-content-container\">\n\t\t\t<h3 class=\"entry-title\"><a href=\"https:\/\/www.naringoyapim.com\/es\/project\/eurasia-otomano-cicatrices\/\" title=\"Eurasia otomano cicatrices\" rel=\"bookmark\">Eurasia otomano cicatrices<\/a><\/h3>\t\t<\/div>\n\t\t\t\t\t<\/figcaption>\n\t<\/figure>\n<\/article>\n\n<\/div><\/div><\/div>[\/vc_column][\/vc_row]<\/p>\n","protected":false},"excerpt":{"rendered":"<p>[vc_row][vc_column width=\u00bb1\/3&#8243;][vc_single_image image=\u00bb797&#8243; img_size=\u00bbfull\u00bb alignment=\u00bbcenter\u00bb style=\u00bbvc_box_border_circle\u00bb image_hovers=\u00bbfalse\u00bb][\/vc_column][vc_column width=\u00bb2\/3&#8243;][vc_column_text]Ne\u015fe \u00d6zcan naci\u00f3 en 1981 y, tras graduarse en 2001, adquiri\u00f3 experiencia en la industria de la televisi\u00f3n, la radio y la radiodifusi\u00f3n en Ankara. \u00d6zcan, que se instal\u00f3 en Estambul en 2005, trabaj\u00f3 en diversos puestos en programas de televisi\u00f3n, luego trabaj\u00f3 como asistente de direcci\u00f3n en&hellip;<\/p>\n","protected":false},"author":1,"featured_media":0,"parent":0,"menu_order":0,"comment_status":"closed","ping_status":"closed","template":"","meta":[],"class_list":["post-1506","page","type-page","status-publish","hentry","description-off"],"_links":{"self":[{"href":"https:\/\/www.naringoyapim.com\/es\/wp-json\/wp\/v2\/pages\/1506"}],"collection":[{"href":"https:\/\/www.naringoyapim.com\/es\/wp-json\/wp\/v2\/pages"}],"about":[{"href":"https:\/\/www.naringoyapim.com\/es\/wp-json\/wp\/v2\/types\/page"}],"author":[{"embeddable":true,"href":"https:\/\/www.naringoyapim.com\/es\/wp-json\/wp\/v2\/users\/1"}],"replies":[{"embeddable":true,"href":"https:\/\/www.naringoyapim.com\/es\/wp-json\/wp\/v2\/comments?post=1506"}],"version-history":[{"count":3,"href":"https:\/\/www.naringoyapim.com\/es\/wp-json\/wp\/v2\/pages\/1506\/revisions"}],"predecessor-version":[{"id":1602,"href":"https:\/\/www.naringoyapim.com\/es\/wp-json\/wp\/v2\/pages\/1506\/revisions\/1602"}],"wp:attachment":[{"href":"https:\/\/www.naringoyapim.com\/es\/wp-json\/wp\/v2\/media?parent=1506"}],"curies":[{"name":"wp","href":"https:\/\/api.w.org\/{rel}","templated":true}]}}