{"id":1659,"date":"2024-10-04T15:24:15","date_gmt":"2024-10-04T12:24:15","guid":{"rendered":"https:\/\/www.naringoyapim.com\/politica_de_proteccion\/"},"modified":"2025-02-21T15:33:20","modified_gmt":"2025-02-21T12:33:20","slug":"verikoruma","status":"publish","type":"page","link":"https:\/\/www.naringoyapim.com\/es\/verikoruma\/","title":{"rendered":"Pol\u00edtica de Protecci\u00f3n de Datos"},"content":{"rendered":"<p><span style=\"color: #ff6600;\"><b>Pol\u00edtica de Protecci\u00f3n de Datos acorde a la LOPDDD <\/b><\/span><\/p>\n<p><b>(Ley Org\u00e1nica 3\/2018, de 5 de diciembre, de Protecci\u00f3n de Datos Personales)<\/b><\/p>\n<p><span style=\"font-weight: 400;\">La presente p\u00e1gina web, en aplicaci\u00f3n de la normativa vigente en materia de protecci\u00f3n de datos de car\u00e1cter personal, informa que los datos personales que se recogen a trav\u00e9s del Sitio web:<\/span><a href=\"https:\/\/www.naringoyapim.com\/es\/\"> <span style=\"font-weight: 400;\">https:\/\/www.naringoyapim.com\/es\/<\/span><\/a><span style=\"font-weight: 400;\">, se incluyen en los ficheros automatizados espec\u00edficos de usuarios de los servicios de<\/span><b> Agencia Naringo<\/b><span style=\"font-weight: 400;\">, propiedad de <\/span><b>Onur y Aslihan<\/b><span style=\"font-weight: 400;\">.<\/span><\/p>\n<p><span style=\"font-weight: 400;\">La recogida y tratamiento automatizado de los datos de car\u00e1cter personal tiene finalidad meramente administrativa y de mantenimiento de la relaci\u00f3n comercial y el desempe\u00f1o de tareas de informaci\u00f3n.<\/span><span style=\"font-weight: 400;\"><br \/>\n<\/span><\/p>\n<p><span style=\"font-weight: 400;\">No cedemos, compartimos ni vendemos tus datos e informaci\u00f3n a terceros.<\/span><\/p>\n<p><span style=\"font-weight: 400;\"><br \/>\n<\/span><span style=\"font-weight: 400;\">Asimismo, <\/span><b>Agencia Naringo<\/b><span style=\"font-weight: 400;\">\u00a0adopta las medidas necesarias para garantizar la seguridad, integridad y confidencialidad de los datos conforme a lo dispuesto en el Reglamento (UE) 2016\/679 del Parlamento Europeo y del Consejo, de 27 de abril de 2016, relativo a la protecci\u00f3n de las personas f\u00edsicas en lo que respecta al tratamiento de datos personales y a la libre circulaci\u00f3n de los mismos.<\/span><\/p>\n<p><span style=\"font-weight: 400;\">El usuario podr\u00e1 en cualquier momento ejercitar los derechos de acceso, oposici\u00f3n, rectificaci\u00f3n y cancelaci\u00f3n reconocidos en el citado Reglamento (UE). El ejercicio de estos derechos puede realizarlo el propio usuario en cualquier momento a trav\u00e9s del contacto ofrecido en la presente p\u00e1gina web o a trav\u00e9s de email a: <\/span><a href=\"mailto:aslihanturelster@gmail.com\" target=\"_blank\" rel=\"noopener\"><b>aslihan.turel@naringoyapim.com, aslihanturelster@gmail.com<\/b><\/a><span style=\"font-weight: 400;\"> o <\/span><a href=\"mailto:onur.caymaz@gmail.com\" target=\"_blank\" rel=\"noopener\"><b>onur.caymaz@naringoyapim.com, onur.caymaz@gmail.com<\/b><\/a><span style=\"font-weight: 400;\"> o en los tel\u00e9fonos: <\/span><b>+90 536 785 24 95<\/b><span style=\"font-weight: 400;\"> y <\/span><b>+90 542 495 35 96<\/b><span style=\"font-weight: 400;\">.<\/span><\/p>\n<p><span style=\"font-weight: 400;\">El usuario manifiesta que todos los datos facilitados por \u00e9l son ciertos y correctos, y se compromete a mantenerlos actualizados, comunicando los cambios a <\/span><b>Agencia Naringo<\/b><span style=\"font-weight: 400;\">.<\/span><\/p>\n<p><span style=\"color: #ff6600;\"><b>Finalidad del tratamiento de los datos personales<\/b><\/span><b><br \/>\n<\/b><span style=\"font-weight: 400;\">\u00bfCon qu\u00e9 finalidad trataremos tus datos personales?<\/span><span style=\"font-weight: 400;\"><br \/>\n<\/span><span style=\"font-weight: 400;\">En <\/span><b>Agencia Naringo<\/b><span style=\"font-weight: 400;\">, trataremos tus datos personales recabados a trav\u00e9s del Sitio Web:<\/span><span style=\"font-weight: 400;\"><br \/>\n<\/span><a href=\"https:\/\/www.naringoyapim.com\/es\/\"><span style=\"font-weight: 400;\">https:\/\/www.naringoyapim.com\/es\/<\/span><\/a><span style=\"font-weight: 400;\">, con las siguientes finalidades:<\/span><\/p>\n<ol>\n<li style=\"font-weight: 400;\" aria-level=\"1\"><span style=\"font-weight: 400;\">En caso de contrataci\u00f3n de los bienes y servicios ofertados a trav\u00e9s de la web, para mantener la relaci\u00f3n contractual, as\u00ed como la gesti\u00f3n, administraci\u00f3n, informaci\u00f3n, prestaci\u00f3n y mejora del servicio.<\/span><\/li>\n<li style=\"font-weight: 400;\" aria-level=\"1\"><span style=\"font-weight: 400;\">Env\u00edo de informaci\u00f3n solicitada a trav\u00e9s de los formularios dispuestos en la p\u00e1gina web.<\/span><\/li>\n<li style=\"font-weight: 400;\" aria-level=\"1\"><span style=\"font-weight: 400;\">Remitir boletines (newsletters), as\u00ed como comunicaciones comerciales de promociones y\/o publicidad de <\/span><b>Agencia Naringo <\/b><span style=\"font-weight: 400;\">y del sector.<\/span><\/li>\n<\/ol>\n<p><span style=\"font-weight: 400;\">Te recordamos que puedes oponerte al env\u00edo de comunicaciones comerciales por cualquier v\u00eda y en cualquier momento, remitiendo un correo electr\u00f3nico a la direcci\u00f3n indicada anteriormente.<\/span><\/p>\n<p><span style=\"font-weight: 400;\">Los campos de dichos registros son de cumplimentaci\u00f3n obligatoria, siendo imposible realizar las finalidades expresadas si no se aportan esos datos.<\/span><\/p>\n<p><span style=\"color: #ff6600;\"><b>\u00bfPor cu\u00e1nto tiempo se conservan los datos personales recabados?<\/b><\/span><b><br \/>\n<\/b><span style=\"font-weight: 400;\">Los datos personales proporcionados se conservar\u00e1n mientras se mantenga la relaci\u00f3n comercial o no solicites su supresi\u00f3n y durante el plazo por el cual pudieran derivarse responsabilidades legales por los servicios prestados.<\/span><\/p>\n<p><span style=\"color: #ff6600;\"><b>Legitimaci\u00f3n<\/b><span style=\"font-weight: 400;\">:<\/span><\/span><span style=\"font-weight: 400;\"><br \/>\n<\/span><span style=\"font-weight: 400;\">El tratamiento de tus datos se realiza con las siguientes bases jur\u00eddicas que legitiman el mismo:<\/span><\/p>\n<ol>\n<li style=\"font-weight: 400;\" aria-level=\"1\"><span style=\"font-weight: 400;\">La solicitud de informaci\u00f3n y\/o la contrataci\u00f3n de los servicios de <\/span><b>Agencia Naringo<\/b><span style=\"font-weight: 400;\">, cuyos t\u00e9rminos y condiciones se pondr\u00e1n a tu disposici\u00f3n en todo caso, de forma previa a una eventual contrataci\u00f3n.<\/span><\/li>\n<li style=\"font-weight: 400;\" aria-level=\"1\"><span style=\"font-weight: 400;\">El consentimiento libre, espec\u00edfico, informado e inequ\u00edvoco, en tanto que te informamos poniendo a tu disposici\u00f3n la presente pol\u00edtica de privacidad, que tras la lectura de la misma, en caso de estar conforme, puedes aceptar mediante una declaraci\u00f3n o una clara acci\u00f3n afirmativa, como el marcado de una casilla dispuesta al efecto.<\/span><\/li>\n<\/ol>\n<p><span style=\"font-weight: 400;\">En caso de que no nos facilites tus datos o lo hagas de forma err\u00f3nea o incompleta, no podremos atender tu solicitud, resultando del todo imposible proporcionarte la informaci\u00f3n solicitada o llevar a cabo la contrataci\u00f3n de los servicios.<\/span><\/p>\n<p><span style=\"color: #ff6600;\"><b>Destinatarios<\/b><span style=\"font-weight: 400;\">:<\/span><\/span><span style=\"font-weight: 400;\"><br \/>\n<\/span><span style=\"font-weight: 400;\">Los datos no se comunicar\u00e1n a ning\u00fan tercero ajeno a <\/span><b>Agencia Naringo<\/b><span style=\"font-weight: 400;\">, salvo obligaci\u00f3n legal.<\/span><span style=\"font-weight: 400;\"><br \/>\n<\/span><span style=\"font-weight: 400;\">Puedes consultar la pol\u00edtica de privacidad y dem\u00e1s aspectos legales de la compa\u00f1\u00eda en el siguiente enlace:<\/span><a href=\"https:\/\/www.naringoyapim.com\/es\/\"> <span style=\"font-weight: 400;\">https:\/\/www.naringoyapim.com\/es\/<\/span><\/a><span style=\"font-weight: 400;\">.<\/span><\/p>\n<p><span style=\"color: #ff6600;\"><b>Datos recopilados por usuarios de los servicios<\/b><span style=\"font-weight: 400;\">:<\/span><\/span><span style=\"font-weight: 400;\"><br \/>\n<\/span><span style=\"font-weight: 400;\">En los casos en que el usuario incluya ficheros con datos de car\u00e1cter personal en los servidores de alojamiento compartido, <\/span><b>Agencia Naringo <\/b><span style=\"font-weight: 400;\">no se hace responsable del incumplimiento por parte del usuario del RGPD.<\/span><\/p>\n<p><span style=\"color: #ff6600;\"><b>Retenci\u00f3n de datos en conformidad a la LSSI<\/b><span style=\"font-weight: 400;\">:<\/span><\/span><span style=\"font-weight: 400;\"><br \/>\n<\/span><b>Agencia Naringo<\/b><span style=\"font-weight: 400;\">\u00a0informa de que, como prestador de servicio de alojamiento de datos y en virtud de lo establecido en la Ley 34\/2002 de 11 de julio de Servicios de la Sociedad de la Informaci\u00f3n y de Comercio Electr\u00f3nico (LSSI), retiene por un periodo m\u00e1ximo de 12 meses la informaci\u00f3n imprescindible para identificar el origen de los datos alojados y el momento en que se inici\u00f3 la prestaci\u00f3n del servicio. La retenci\u00f3n de estos datos no afecta al secreto de las comunicaciones y solo podr\u00e1n ser utilizados en el marco de una investigaci\u00f3n criminal o para la salvaguardia de la seguridad p\u00fablica, poni\u00e9ndose a disposici\u00f3n de los jueces y\/o tribunales o del Ministerio que as\u00ed los requiera.<\/span><\/p>\n<p><span style=\"font-weight: 400;\">La comunicaci\u00f3n de datos a las Fuerzas y Cuerpos del Estado se har\u00e1 en virtud a lo dispuesto en la normativa sobre protecci\u00f3n de datos personales.<\/span><\/p>\n<p><span style=\"color: #ff6600;\"><b>Propiedad intelectual del software<\/b><span style=\"font-weight: 400;\">:<\/span><\/span><span style=\"font-weight: 400;\"><br \/>\n<\/span><span style=\"font-weight: 400;\">El usuario debe respetar los programas de terceros puestos a su disposici\u00f3n por <\/span><b>Agencia Naringo<\/b><span style=\"font-weight: 400;\">, aun siendo gratuitos y\/o de disposici\u00f3n p\u00fablica.<\/span><span style=\"font-weight: 400;\"><br \/>\n<\/span><span style=\"font-weight: 400;\">El usuario no adquiere derecho alguno o licencia por el servicio contratado, sobre el software necesario para la prestaci\u00f3n del servicio, ni tampoco sobre la informaci\u00f3n t\u00e9cnica de seguimiento del servicio, excepci\u00f3n hecha de los derechos y licencias necesarios para el cumplimiento de los servicios contratados y \u00fanicamente durante la duraci\u00f3n de los mismos.<\/span><span style=\"font-weight: 400;\"><br \/>\n<\/span><span style=\"font-weight: 400;\">Para toda actuaci\u00f3n que exceda del cumplimiento del contrato, el usuario necesitar\u00e1 autorizaci\u00f3n por escrito por parte de <\/span><b>Agencia Naringo<\/b><span style=\"font-weight: 400;\">, quedando prohibido al usuario acceder, modificar, visualizar la configuraci\u00f3n, estructura y ficheros de los servidores propiedad de <b>Agencia Naringo<\/b><\/span><span style=\"font-weight: 400;\">, asumiendo la responsabilidad civil y penal derivada de cualquier incidencia que se pudiera producir en los servidores y sistemas de seguridad como consecuencia directa de una actuaci\u00f3n negligente o maliciosa por su parte.<\/span><\/p>\n<p><span style=\"color: #ff6600;\"><b>Propiedad intelectual de los contenidos alojados<\/b><span style=\"font-weight: 400;\">:<\/span><\/span><span style=\"font-weight: 400;\"><br \/>\n<\/span><span style=\"font-weight: 400;\">Se proh\u00edbe el uso contrario a la legislaci\u00f3n sobre propiedad intelectual de los servicios prestados por <b>Agencia Naringo<\/b><\/span><span style=\"font-weight: 400;\">\u00a0y, en particular de:<\/span><\/p>\n<ul>\n<li style=\"font-weight: 400;\" aria-level=\"1\"><span style=\"font-weight: 400;\">La utilizaci\u00f3n que resulte contraria a las leyes espa\u00f1olas o que infrinja los derechos de terceros.<\/span><\/li>\n<li style=\"font-weight: 400;\" aria-level=\"1\"><span style=\"font-weight: 400;\">La publicaci\u00f3n o la transmisi\u00f3n de cualquier contenido que, a juicio de <b>Agencia Naringo<\/b><\/span><span style=\"font-weight: 400;\">, resulte violento, obsceno, abusivo, ilegal, racial, xen\u00f3fobo o difamatorio.<\/span><\/li>\n<li style=\"font-weight: 400;\" aria-level=\"1\"><span style=\"font-weight: 400;\">Los cracks, n\u00fameros de serie de programas o cualquier otro contenido que vulnere derechos de la propiedad intelectual de terceros.<\/span><\/li>\n<li style=\"font-weight: 400;\" aria-level=\"1\"><span style=\"font-weight: 400;\">La recogida y\/o utilizaci\u00f3n de datos personales de otros usuarios sin su consentimiento expreso o contraviniendo lo dispuesto en Reglamento (UE) 2016\/679 del Parlamento Europeo y del Consejo, de 27 de abril de 2016.<\/span><\/li>\n<li style=\"font-weight: 400;\" aria-level=\"1\"><span style=\"font-weight: 400;\">La utilizaci\u00f3n del servidor de correo del dominio y de las direcciones de correo electr\u00f3nico para el env\u00edo de correo masivo no deseado.<\/span><\/li>\n<\/ul>\n<p><span style=\"color: #ff6600;\"><b>Protecci\u00f3n de la informaci\u00f3n alojada<\/b><span style=\"font-weight: 400;\">:<\/span><\/span><span style=\"font-weight: 400;\"><br \/>\n<\/span><span style=\"font-weight: 400;\"><b>Agencia Naringo<\/b> realiza copias de seguridad de los contenidos alojados en sus servidores, sin embargo, no se responsabiliza de la p\u00e9rdida o el borrado accidental de los datos por parte de los usuarios. De igual manera, no garantiza la reposici\u00f3n total de los datos borrados por los usuarios, ya que los citados datos podr\u00edan haber sido suprimidos y\/o modificados durante el periodo del tiempo transcurrido desde la \u00faltima copia de seguridad.<\/span><\/p>\n<p><span style=\"font-weight: 400;\">Los servicios ofertados, excepto los servicios espec\u00edficos de backup, no incluyen la reposici\u00f3n de los contenidos conservados en las copias de seguridad realizadas por <b>Agencia Naringo<\/b><\/span><span style=\"font-weight: 400;\">, cuando esta p\u00e9rdida sea imputable al usuario; en este caso, se determinar\u00e1 una tarifa acorde a la complejidad y volumen de la recuperaci\u00f3n, siempre previa aceptaci\u00f3n del usuario.<\/span><span style=\"font-weight: 400;\"><br \/>\n<\/span><span style=\"font-weight: 400;\">La reposici\u00f3n de datos borrados solo est\u00e1 incluida en el precio del servicio cuando la p\u00e9rdida del contenido sea debida a causas atribuibles a <b>Agencia Naringo<\/b><\/span><span style=\"font-weight: 400;\">.<\/span><\/p>\n<p><span style=\"color: #ff6600;\"><b>Comunicaciones comerciales<\/b><span style=\"font-weight: 400;\">:<\/span><\/span><span style=\"font-weight: 400;\"><br \/>\n<\/span><span style=\"font-weight: 400;\">En aplicaci\u00f3n de la LSSI, <b>Agencia Naringo<\/b><\/span><span style=\"font-weight: 400;\">\u00a0no enviar\u00e1 comunicaciones publicitarias o promocionales por correo electr\u00f3nico u otro medio de comunicaci\u00f3n electr\u00f3nica equivalente que previamente no hubieran sido solicitadas o expresamente autorizadas por los destinatarios de las mismas.<\/span><\/p>\n<p><span style=\"font-weight: 400;\">En el caso de usuarios con los que exista una relaci\u00f3n contractual previa, <b>Agencia Naringo<\/b><\/span><span style=\"font-weight: 400;\">\u00a0s\u00ed est\u00e1 autorizado al env\u00edo de comunicaciones comerciales referentes a productos o servicios de la empresa que sean similares a los que inicialmente fueron objeto de contrataci\u00f3n con el cliente.<\/span><\/p>\n<p><span style=\"font-weight: 400;\">En todo caso, el usuario, tras acreditar su identidad, podr\u00e1 solicitar que no se le haga llegar m\u00e1s informaci\u00f3n comercial a trav\u00e9s de los canales de Atenci\u00f3n al Cliente.<\/span><\/p>\n","protected":false},"excerpt":{"rendered":"<p>Pol\u00edtica de Protecci\u00f3n de Datos acorde a la LOPDDD (Ley Org\u00e1nica 3\/2018, de 5 de diciembre, de Protecci\u00f3n de Datos Personales) La presente p\u00e1gina web, en aplicaci\u00f3n de la normativa vigente en materia de protecci\u00f3n de datos de car\u00e1cter personal, informa que los datos personales que se recogen a trav\u00e9s del Sitio web: https:\/\/www.naringoyapim.com\/es\/, se&hellip;<\/p>\n","protected":false},"author":1,"featured_media":0,"parent":0,"menu_order":0,"comment_status":"closed","ping_status":"closed","template":"","meta":[],"class_list":["post-1659","page","type-page","status-publish","hentry","description-off"],"_links":{"self":[{"href":"https:\/\/www.naringoyapim.com\/es\/wp-json\/wp\/v2\/pages\/1659"}],"collection":[{"href":"https:\/\/www.naringoyapim.com\/es\/wp-json\/wp\/v2\/pages"}],"about":[{"href":"https:\/\/www.naringoyapim.com\/es\/wp-json\/wp\/v2\/types\/page"}],"author":[{"embeddable":true,"href":"https:\/\/www.naringoyapim.com\/es\/wp-json\/wp\/v2\/users\/1"}],"replies":[{"embeddable":true,"href":"https:\/\/www.naringoyapim.com\/es\/wp-json\/wp\/v2\/comments?post=1659"}],"version-history":[{"count":6,"href":"https:\/\/www.naringoyapim.com\/es\/wp-json\/wp\/v2\/pages\/1659\/revisions"}],"predecessor-version":[{"id":1817,"href":"https:\/\/www.naringoyapim.com\/es\/wp-json\/wp\/v2\/pages\/1659\/revisions\/1817"}],"wp:attachment":[{"href":"https:\/\/www.naringoyapim.com\/es\/wp-json\/wp\/v2\/media?parent=1659"}],"curies":[{"name":"wp","href":"https:\/\/api.w.org\/{rel}","templated":true}]}}